{"id":9,"date":"2020-12-28T14:39:01","date_gmt":"2020-12-28T12:39:01","guid":{"rendered":"http:\/\/veilham.de\/?page_id=9"},"modified":"2020-12-28T17:56:31","modified_gmt":"2020-12-28T15:56:31","slug":"die-menschen","status":"publish","type":"page","link":"https:\/\/veilham.de\/?page_id=9","title":{"rendered":"Die Menschen"},"content":{"rendered":"<p>Der Gro\u00dfteil der Veilhamer sind Bauern und Tagel\u00f6hner. In den kleinen St\u00e4dten, insbesondere aber in Veilham Town gibt es jedoch ein erstarkendes B\u00fcrgertum zu verzeichnen mit Handwerkern und H\u00e4ndlern. Den zahlenm\u00e4\u00dfig kleinsten, ansonsten aber m\u00e4chtigsten Teil der Bev\u00f6lkerung Veilhams machen Adel und Klerus aus.<\/p>\n<p>Durch die Geschichte ist Veilham stark englisch gepr\u00e4gt, was sich im t\u00e4glichen Leben \u00fcberall widerspiegelt. Aber auch ohne die englische Sprache zu beherrschen, kommt man hier durchaus zurecht, wenn man stets offen und freundlich bleibt.<\/p>\n<p>Im Abschnitt &#8222;Wichtige Personen&#8220; stellen wir die bekanntesten der Einwohner Veilhams, teils auch mit Bildern, kurz vor.<\/p>\n","protected":false},"excerpt":{"rendered":"<p>Der Gro\u00dfteil der Veilhamer sind Bauern und Tagel\u00f6hner. In den kleinen St\u00e4dten, insbesondere aber in Veilham Town gibt es jedoch ein erstarkendes B\u00fcrgertum zu verzeichnen mit Handwerkern und H\u00e4ndlern. Den zahlenm\u00e4\u00dfig kleinsten, ansonsten aber m\u00e4chtigsten Teil der Bev\u00f6lkerung Veilhams machen Adel und Klerus aus. Durch die Geschichte ist Veilham stark englisch gepr\u00e4gt, was sich im &hellip; <\/p>\n<p class=\"link-more\"><a href=\"https:\/\/veilham.de\/?page_id=9\" class=\"more-link\"><span class=\"screen-reader-text\">\u201eDie Menschen\u201c <\/span>weiterlesen<\/a><\/p>\n","protected":false},"author":1,"featured_media":0,"parent":0,"menu_order":2,"comment_status":"closed","ping_status":"closed","template":"","meta":{"footnotes":""},"class_list":["post-9","page","type-page","status-publish","hentry"],"_links":{"self":[{"href":"https:\/\/veilham.de\/index.php?rest_route=\/wp\/v2\/pages\/9","targetHints":{"allow":["GET"]}}],"collection":[{"href":"https:\/\/veilham.de\/index.php?rest_route=\/wp\/v2\/pages"}],"about":[{"href":"https:\/\/veilham.de\/index.php?rest_route=\/wp\/v2\/types\/page"}],"author":[{"embeddable":true,"href":"https:\/\/veilham.de\/index.php?rest_route=\/wp\/v2\/users\/1"}],"replies":[{"embeddable":true,"href":"https:\/\/veilham.de\/index.php?rest_route=%2Fwp%2Fv2%2Fcomments&post=9"}],"version-history":[{"count":4,"href":"https:\/\/veilham.de\/index.php?rest_route=\/wp\/v2\/pages\/9\/revisions"}],"predecessor-version":[{"id":91,"href":"https:\/\/veilham.de\/index.php?rest_route=\/wp\/v2\/pages\/9\/revisions\/91"}],"wp:attachment":[{"href":"https:\/\/veilham.de\/index.php?rest_route=%2Fwp%2Fv2%2Fmedia&parent=9"}],"curies":[{"name":"wp","href":"https:\/\/api.w.org\/{rel}","templated":true}]}}