{"id":7,"date":"2018-10-25T13:39:14","date_gmt":"2018-10-25T11:39:14","guid":{"rendered":"http:\/\/veilham.de\/?page_id=7"},"modified":"2022-10-10T12:13:34","modified_gmt":"2022-10-10T10:13:34","slug":"das-land","status":"publish","type":"page","link":"https:\/\/veilham.de\/?page_id=7","title":{"rendered":"Das Land"},"content":{"rendered":"<p><strong>Die freie Baronie Veilham<br><\/strong><\/p>\n<p>Veilham liegt auf dem alten Kontinent, inmitten der Mittellande, ist jedoch nicht zu diesen geh\u00f6rig. Es ist ein relativ kleines Land, das man in wenigen Tagesreisen durchqueren kann.<\/p>\n<p>In der Versorgung ist Veilham weitestgehend autark. Da es jedoch nicht \u00fcber eigene K\u00fcsten oder H\u00e4fen verf\u00fcgt, ist es diesbez\u00fcglich auf Freunde und Verb\u00fcndete angewiesen. Exportiert werden haupts\u00e4chlich Luxusg\u00fcter wie Parfums und Seifen sowie diverse andere Produkte, die auf dem Anbau von Rosen und Lavendel beruhen.<\/p>\n<p>Die Baronie ist christlich gepr\u00e4gt und haupts\u00e4chlich von Menschen bewohnt. Wesen wie Elfen, Zwerge und andere geh\u00f6ren f\u00fcr die einfachen Veilhamer ins Reich der Mythen und Legenden. Magie existiert innerhalb der Landesgrenzen nicht.<\/p>\n<p><strong>Die Organisation&nbsp;&nbsp;&nbsp;&nbsp;&nbsp;&nbsp;&nbsp;&nbsp;&nbsp;&nbsp;&nbsp;&nbsp;&nbsp;<\/strong><\/p>\n<p>Veilham ist als Freie Baronie eine dynastische Wahlmonarchie und dementsprechend feudal strukturiert und organisiert. Gef\u00fchrt wird das Land von einem Baron oder einer Baronin, welche durch einen Konvent gew\u00e4hlt wurde. Der Konvent setzt wiederum aus dem Adel und Klerus des Landes zusammen.<\/p>\n<p>Hauptstadt des Landes ist Veilham Town. Sitz des Staatsoberhaupts ist Veilham Castle, oberhalb von Veilham Town gelegen.<\/p>\n<p>Veilham verf\u00fcgt neben dem Zentralgebiet \u00fcber drei Ritterlehen: Chesterfield, Bamburgh Fields und Lambeth Heights. \u00dcberdies ist im \u00d6rtchen Hugheschurch eine kleine Templerkomturei angesiedelt, der die umliegenden L\u00e4ndereien geh\u00f6ren.<\/p>\n<p><strong>Die Geschichte<\/strong><\/p>\n<p>Der Ursprung Veilhams liegt im Dunkel der Geschichte und ist eher unerforscht. Zuletzt wurde der Landstrich durch East Anglier besiedelt. Der verstorbene Baron Geoffrey of Veilham war insofern Namensgeber. In den letzten Jahrzehnten war Veilham unter wechselnden Herrschaften, bis es sich am 23. Septembris des Jahres 1220 A. D. von allen lossagte und f\u00fcr unabh\u00e4ngig erkl\u00e4rte. Seitdem ringt der Konvent um eine Einigung betreffend die Frage, wer das neue Staatsoberhaupt wird.<\/p>\n\n\n<figure class=\"wp-block-image size-large\"><img loading=\"lazy\" decoding=\"async\" width=\"842\" height=\"595\" src=\"http:\/\/veilham.de\/wp-content\/uploads\/2020\/07\/Karte-Veilham.jpg\" alt=\"\" class=\"wp-image-25\" srcset=\"https:\/\/veilham.de\/wp-content\/uploads\/2020\/07\/Karte-Veilham.jpg 842w, https:\/\/veilham.de\/wp-content\/uploads\/2020\/07\/Karte-Veilham-300x212.jpg 300w, https:\/\/veilham.de\/wp-content\/uploads\/2020\/07\/Karte-Veilham-768x543.jpg 768w\" sizes=\"auto, (max-width: 767px) 89vw, (max-width: 1000px) 54vw, (max-width: 1071px) 543px, 580px\" \/><figcaption>Die Landkarte der Freien Baronie Veilham<\/figcaption><\/figure>\n\n\n\n<p><\/p>\n\n\n\n<p><strong>Die Zeitrechnung<\/strong><\/p>\n\n\n\n<p>Veilhams Zeit liegt sozusagen 1.000 Jahre vor unserer; das Jahr 2022 entspricht in unserer gespielten Zeit also dem Jahr 1222.<\/p>\n","protected":false},"excerpt":{"rendered":"<p>Die freie Baronie Veilham Veilham liegt auf dem alten Kontinent, inmitten der Mittellande, ist jedoch nicht zu diesen geh\u00f6rig. Es ist ein relativ kleines Land, das man in wenigen Tagesreisen durchqueren kann. In der Versorgung ist Veilham weitestgehend autark. Da es jedoch nicht \u00fcber eigene K\u00fcsten oder H\u00e4fen verf\u00fcgt, ist es diesbez\u00fcglich auf Freunde und &hellip; <\/p>\n<p class=\"link-more\"><a href=\"https:\/\/veilham.de\/?page_id=7\" class=\"more-link\"><span class=\"screen-reader-text\">\u201eDas Land\u201c <\/span>weiterlesen<\/a><\/p>\n","protected":false},"author":1,"featured_media":0,"parent":0,"menu_order":0,"comment_status":"closed","ping_status":"closed","template":"","meta":{"footnotes":""},"class_list":["post-7","page","type-page","status-publish","hentry"],"_links":{"self":[{"href":"https:\/\/veilham.de\/index.php?rest_route=\/wp\/v2\/pages\/7","targetHints":{"allow":["GET"]}}],"collection":[{"href":"https:\/\/veilham.de\/index.php?rest_route=\/wp\/v2\/pages"}],"about":[{"href":"https:\/\/veilham.de\/index.php?rest_route=\/wp\/v2\/types\/page"}],"author":[{"embeddable":true,"href":"https:\/\/veilham.de\/index.php?rest_route=\/wp\/v2\/users\/1"}],"replies":[{"embeddable":true,"href":"https:\/\/veilham.de\/index.php?rest_route=%2Fwp%2Fv2%2Fcomments&post=7"}],"version-history":[{"count":5,"href":"https:\/\/veilham.de\/index.php?rest_route=\/wp\/v2\/pages\/7\/revisions"}],"predecessor-version":[{"id":180,"href":"https:\/\/veilham.de\/index.php?rest_route=\/wp\/v2\/pages\/7\/revisions\/180"}],"wp:attachment":[{"href":"https:\/\/veilham.de\/index.php?rest_route=%2Fwp%2Fv2%2Fmedia&parent=7"}],"curies":[{"name":"wp","href":"https:\/\/api.w.org\/{rel}","templated":true}]}}