{"id":49,"date":"2020-12-28T15:19:36","date_gmt":"2020-12-28T13:19:36","guid":{"rendered":"http:\/\/veilham.de\/?page_id=49"},"modified":"2022-10-10T12:36:16","modified_gmt":"2022-10-10T10:36:16","slug":"das-volk","status":"publish","type":"page","link":"https:\/\/veilham.de\/?page_id=49","title":{"rendered":"Im Volk"},"content":{"rendered":"\n<p>Auch unter jenen, die nicht oder noch nicht zur F\u00fchrungsschicht Veilhams geh\u00f6ren, gibt es einige wichtige Charaktere, (SC und NSC). Hierzu z\u00e4hlen insbesondere:<\/p>\n\n\n\n<h2 class=\"wp-block-heading\">Radegunde von Kirschey<\/h2>\n\n\n\n<p>Die Edeljungfer Radegunde von Kirschey ist eine Kusine von Sir Reynard de Beauchamps und der Edeljungfer Jeulie de Beauchamps. A. D. 1218 trat sie als M\u00fcndel in die Dienste von Lady Elisabeth Brandon, um von ihr zur Dame ausgebildet zu werden.<\/p>\n\n\n\n<p>Sie z\u00e4hlt eher zu der Sorte \u201estille Wasser\u201c, aber man sollte sie nicht untersch\u00e4tzen, denn sie wei\u00df meist mehr als sie sagt; denkt mehr als sie ausspricht und bemerkt mehr als man von ihr glauben w\u00fcrde.<\/p>\n\n\n\n<h2 class=\"wp-block-heading\">Gwenna, Heilerin und (nicht praktizierende) Magierin<\/h2>\n\n\n\n<p>Nach schlimmen Erlebnissen hat Magistra Gwenna sich dazu entschlossen, der Magie erstmal den R\u00fccken zuzukehren. T\u00e4gliche Kopfschmerzen in Kauf nehmend, praktiziert sie in Veilham Heilkunde und hat ein kleines Haus am Perch Lake. Es ist im Wesentlichen ihrer aufopferungsvollen Pflege und ihrem Wissen \u00fcber Heilkunde zu verdanken, dass Lady Elisabeth nach dem Anschlag auf sie im Junius A.D. 1220 wieder genesen ist.<\/p>\n\n\n\n<h2 class=\"wp-block-heading\">Betty, K\u00f6chin von Lady Elisabeth Brandon<\/h2>\n\n\n\n<p>Betty Thompson, achtes von elf Kindern von Martha und Ashton Thompson. Ihr Vater war Koch im Hause der Brandons. Betty ging bei ihrem Vater in die Lehre und als die kleine Elisabeth Brandon geboren wurde, bekam sie Betty als Leibk\u00f6chin zugeteilt. Ihre Herrin ist ihr ganzer Lebensinhalt und so ist die mittlerweile ergraute K\u00f6chin ihrem \u201ekleines L\u00e4mmchen\u201c auch nach Suffolk gefolgt.<\/p>\n\n\n\n<p>Die K\u00fcche ist ganz Bettys Reich und wer nicht akzeptiert, dass sie hier das Sagen hat, muss auch mal damit rechnen, mit dem Nudelholz gewaltsam daraus vertrieben zu werden.<\/p>\n\n\n\n<h2 class=\"wp-block-heading\">Alice Fairchild<\/h2>\n\n\n\n<p>Alice Fairchild ist ein Waisen- und Stra\u00dfenkind unbekannter Herkunft. Lord Geoffrey of Veilham entdeckte als sehr junges M\u00e4dchen, als sie in einen Stra\u00dfenkampf mit Banditen verwickelt war und nahm sie in die Veilhamer Garde auf. \u00dcber die Jahre diente sie sich hoch und wurde in die Erste Rotte, die Leibgarde, aufgenommen. Mittlerweile ist sie zu deren Anf\u00fchrerin aufgestiegen.<\/p>\n\n\n\n<p>Die blonde, vom \u00c4u\u00dferen her eher unscheinbare Frau ist f\u00fcr ihre unverbr\u00fcchliche Treue und ihren absoluten Gehorsam zu Lady Elisabeth Brandon bekannt.<\/p>\n\n\n\n<h2 class=\"wp-block-heading\">Leif Helgeson <\/h2>\n\n\n\n<p>Ehemals Huscarl in den Diensten des Herrn Berkenbrecht Holt Arnulfson Ulfhardvon Thomburg, Ritter des Roten Drachen zu Vinland, kam er vor Jahren zu Lady Elisabeth Brandon. A. D. 1218 bat er bei seinem Herrn um Entlassung um endg\u00fcltig als Leibw\u00e4chter in die Dienste von Lady Elisabeth einzutreten und in Veilham zu bleiben. Die Veilhamer haben sich &#8211; trotz ihrer grunds\u00e4tzlichen Aversion gegen Nordm\u00e4nner &#8211; an den hochgewachsenen Vinl\u00e4nder gew\u00f6hnt und akzeptieren ihn als einen der ihren.<\/p>\n\n\n\n<h2 class=\"wp-block-heading\">Anund Warren, Knappe von Sir Reynard de Beauchamps<\/h2>\n\n\n\n<div class=\"wp-block-columns is-layout-flex wp-container-core-columns-is-layout-9d6595d7 wp-block-columns-is-layout-flex\">\n<div class=\"wp-block-column is-layout-flow wp-block-column-is-layout-flow\" style=\"flex-basis:33.33%\">\n<figure class=\"wp-block-image size-large\"><img loading=\"lazy\" decoding=\"async\" width=\"595\" height=\"842\" src=\"http:\/\/veilham.de\/wp-content\/uploads\/2021\/01\/Warren.jpg\" alt=\"\" class=\"wp-image-147\" srcset=\"https:\/\/veilham.de\/wp-content\/uploads\/2021\/01\/Warren.jpg 595w, https:\/\/veilham.de\/wp-content\/uploads\/2021\/01\/Warren-212x300.jpg 212w\" sizes=\"auto, (max-width: 595px) 100vw, 595px\" \/><\/figure>\n<\/div>\n\n\n\n<div class=\"wp-block-column is-layout-flow wp-block-column-is-layout-flow\" style=\"flex-basis:66.66%\"><\/div>\n<\/div>\n\n\n\n<h2 class=\"wp-block-heading\">Master Oliver Neville<\/h2>\n\n\n\n<div class=\"wp-block-columns is-layout-flex wp-container-core-columns-is-layout-9d6595d7 wp-block-columns-is-layout-flex\">\n<div class=\"wp-block-column is-layout-flow wp-block-column-is-layout-flow\" style=\"flex-basis:33.33%\">\n<figure class=\"wp-block-image size-large is-resized\"><img loading=\"lazy\" decoding=\"async\" src=\"http:\/\/veilham.de\/wp-content\/uploads\/2021\/01\/Oliver-Neville.jpg\" alt=\"\" class=\"wp-image-166\" width=\"165\" height=\"248\" srcset=\"https:\/\/veilham.de\/wp-content\/uploads\/2021\/01\/Oliver-Neville.jpg 660w, https:\/\/veilham.de\/wp-content\/uploads\/2021\/01\/Oliver-Neville-200x300.jpg 200w\" sizes=\"auto, (max-width: 165px) 100vw, 165px\" \/><\/figure>\n<\/div>\n\n\n\n<div class=\"wp-block-column is-layout-flow wp-block-column-is-layout-flow\" style=\"flex-basis:66.66%\">\n<p>Der Apothecarius und Lebemann, Master Oliver Neville, ist &#8211; wie Sir John William \u2013 Lady Elisabeth Brandon aus Suffolk nach Veilham gefolgt und hat durch die Jahre und trotz vieler Widrigkeiten seine unverbr\u00fcchliche Treue zu ihr bewiesen.<br>\u00dcber seiner beruflichen F\u00e4higkeiten l\u00e4sst sich jedoch streiten: Obwohl angeblich sehr bewandert in der Entwicklung und Herstellung von Arzneien widmet er sich in den letzten Jahren mehr der Herstellung von Lik\u00f6ren und anderen geistreichen Getr\u00e4nken \u2013 mit teilweise eher zweifelhafter Wirkung.<\/p>\n<\/div>\n<\/div>\n\n\n\n<h2 class=\"wp-block-heading\">Master Conrad de Colonia<\/h2>\n\n\n\n<div class=\"wp-block-columns is-layout-flex wp-container-core-columns-is-layout-9d6595d7 wp-block-columns-is-layout-flex\">\n<div class=\"wp-block-column is-layout-flow wp-block-column-is-layout-flow\" style=\"flex-basis:33.33%\">\n<figure class=\"wp-block-image size-large\"><img loading=\"lazy\" decoding=\"async\" width=\"863\" height=\"1024\" src=\"http:\/\/veilham.de\/wp-content\/uploads\/2020\/12\/Conrad-bearbeitet-863x1024.jpg\" alt=\"\" class=\"wp-image-102\" srcset=\"https:\/\/veilham.de\/wp-content\/uploads\/2020\/12\/Conrad-bearbeitet-863x1024.jpg 863w, https:\/\/veilham.de\/wp-content\/uploads\/2020\/12\/Conrad-bearbeitet-253x300.jpg 253w, https:\/\/veilham.de\/wp-content\/uploads\/2020\/12\/Conrad-bearbeitet-768x912.jpg 768w, https:\/\/veilham.de\/wp-content\/uploads\/2020\/12\/Conrad-bearbeitet.jpg 1203w\" sizes=\"auto, (max-width: 767px) 89vw, (max-width: 1000px) 54vw, (max-width: 1071px) 543px, 580px\" \/><\/figure>\n<\/div>\n\n\n\n<div class=\"wp-block-column is-layout-flow wp-block-column-is-layout-flow\" style=\"flex-basis:66.66%\">\n<p>Conrad de Colonia, genannt Master Conrad, ist Medicus und Chirurg. Er hat bei ber\u00fchmten und erfahrenen \u00c4rzten au\u00dferhalb der Mittellande gelernt und ist weit gereist, um seine Kenntnisse noch zu erweitern, dabei jedoch immer bescheiden geblieben. Im fortgeschrittenen Alter suchte er nach einem geeigneten Ort um sich niederzulassen, dabei stie\u00df er auf das kleine Veilham. Die Unabh\u00e4ngigkeitserkl\u00e4rung Veilhams verstand er als Aufbruch in die Moderne, weshalb er hier seine Chance witterte, seine Kunst zum Wohle der Menschen, ungest\u00f6rt durch Vorurteile praktizieren zu k\u00f6nnen.<\/p>\n<\/div>\n<\/div>\n\n\n\n<h2 class=\"wp-block-heading\">Severinus, Stallmeister des Sir Reynard de Beauchamps<\/h2>\n\n\n\n<h2 class=\"wp-block-heading\">Anne Cunningham<\/h2>\n\n\n\n<p>Die junge Anne Cunningham steht als Magd in den Diensten von Sir Reynard de Beauchamps auf Gut Hamshire im Lehen Lambeth Heights. Das sommersprossige M\u00e4dchen ist flei\u00dfig und arbeitsam und hat durch ihre Herzlichkeit ein einnehmendes Wesen, ist aber nicht unbedingt die Hellste\u2026<\/p>\n\n\n\n<h2 class=\"wp-block-heading\">Amalia Victoria Greiffenclau<\/h2>\n\n\n\n<div class=\"wp-block-columns is-layout-flex wp-container-core-columns-is-layout-9d6595d7 wp-block-columns-is-layout-flex\">\n<div class=\"wp-block-column is-layout-flow wp-block-column-is-layout-flow\" style=\"flex-basis:33.33%\">\n<figure class=\"wp-block-image size-large\"><img loading=\"lazy\" decoding=\"async\" width=\"682\" height=\"1024\" src=\"http:\/\/veilham.de\/wp-content\/uploads\/2021\/01\/AT2.jpg\" alt=\"\" class=\"wp-image-150\" srcset=\"https:\/\/veilham.de\/wp-content\/uploads\/2021\/01\/AT2.jpg 682w, https:\/\/veilham.de\/wp-content\/uploads\/2021\/01\/AT2-200x300.jpg 200w\" sizes=\"auto, (max-width: 682px) 100vw, 682px\" \/><\/figure>\n<\/div>\n\n\n\n<div class=\"wp-block-column is-layout-flow wp-block-column-is-layout-flow\" style=\"flex-basis:66.66%\">\n<p>Amalia Victoria Greiffenclau stammt geb\u00fcrtig aus Lodrien. Dort gab sie die Greiffenclauer Gazette in Drachenfurt heraus. A. D. 1216 reagierte sie auf ein freundliches Angebot des Hauses Arslan und zog nach Veilham, um dort als Herausgeberin f\u00fcr eine neue Zeitung, die \u201eVeilham Relation\u201c t\u00e4tig zu werden. Aus der Veilham Relation wurde mit der Unabh\u00e4ngigkeitserkl\u00e4rung die \u201eNew Veilham Relation\u201c, die Amalia Greiffenclau ebenso erfolgreich f\u00fchrt.<\/p>\n\n\n\n<p>Die junge Frau zeichnet sich durch ihren hohen Bildungsstand und ihre ausgepr\u00e4gte Neugier aus.<\/p>\n<\/div>\n<\/div>\n\n\n\n<p><\/p>\n","protected":false},"excerpt":{"rendered":"<p>Auch unter jenen, die nicht oder noch nicht zur F\u00fchrungsschicht Veilhams geh\u00f6ren, gibt es einige wichtige Charaktere, (SC und NSC). Hierzu z\u00e4hlen insbesondere: Radegunde von Kirschey Die Edeljungfer Radegunde von Kirschey ist eine Kusine von Sir Reynard de Beauchamps und der Edeljungfer Jeulie de Beauchamps. A. D. 1218 trat sie als M\u00fcndel in die Dienste &hellip; <\/p>\n<p class=\"link-more\"><a href=\"https:\/\/veilham.de\/?page_id=49\" class=\"more-link\"><span class=\"screen-reader-text\">\u201eIm Volk\u201c <\/span>weiterlesen<\/a><\/p>\n","protected":false},"author":1,"featured_media":0,"parent":9,"menu_order":2,"comment_status":"closed","ping_status":"closed","template":"","meta":{"footnotes":""},"class_list":["post-49","page","type-page","status-publish","hentry"],"_links":{"self":[{"href":"https:\/\/veilham.de\/index.php?rest_route=\/wp\/v2\/pages\/49","targetHints":{"allow":["GET"]}}],"collection":[{"href":"https:\/\/veilham.de\/index.php?rest_route=\/wp\/v2\/pages"}],"about":[{"href":"https:\/\/veilham.de\/index.php?rest_route=\/wp\/v2\/types\/page"}],"author":[{"embeddable":true,"href":"https:\/\/veilham.de\/index.php?rest_route=\/wp\/v2\/users\/1"}],"replies":[{"embeddable":true,"href":"https:\/\/veilham.de\/index.php?rest_route=%2Fwp%2Fv2%2Fcomments&post=49"}],"version-history":[{"count":18,"href":"https:\/\/veilham.de\/index.php?rest_route=\/wp\/v2\/pages\/49\/revisions"}],"predecessor-version":[{"id":182,"href":"https:\/\/veilham.de\/index.php?rest_route=\/wp\/v2\/pages\/49\/revisions\/182"}],"up":[{"embeddable":true,"href":"https:\/\/veilham.de\/index.php?rest_route=\/wp\/v2\/pages\/9"}],"wp:attachment":[{"href":"https:\/\/veilham.de\/index.php?rest_route=%2Fwp%2Fv2%2Fmedia&parent=49"}],"curies":[{"name":"wp","href":"https:\/\/api.w.org\/{rel}","templated":true}]}}