{"id":47,"date":"2020-12-28T15:13:50","date_gmt":"2020-12-28T13:13:50","guid":{"rendered":"http:\/\/veilham.de\/?page_id=47"},"modified":"2020-12-28T22:32:16","modified_gmt":"2020-12-28T20:32:16","slug":"der-klerus","status":"publish","type":"page","link":"https:\/\/veilham.de\/?page_id=47","title":{"rendered":"Im Klerus"},"content":{"rendered":"\n<p>Bisher nur NSC-Charaktere, allen voran:<\/p>\n\n\n\n<h2 class=\"wp-block-heading\">Priest Roger, Priester in der Great Church of Veilham<\/h2>\n\n\n\n<p>Der \u00e4ltere Priester mit dem grauen Haar ist die Seele und das Gewissen von Veilham. Er war eng befreundet mit Lord Geoffrey of Veilham und ist heute Beichtvater und geistlicher Berater von Lady Elisabeth Brandon.<\/p>\n\n\n\n<p>Im Jahr 1220 A. D. geh\u00f6rte er auch zu den Initiatoren der Veilhamer Unabh\u00e4ngigkeitserkl\u00e4rung und er ist eine wichtige Stimme im Konvent zur Auswahl des neuen Staatsoberhauptes.<\/p>\n\n\n\n<h2 class=\"wp-block-heading\">Matthew Davenport, Prior der Templer-Komturei<\/h2>\n\n\n\n<p>Prior Matthew ist altgedienter und erfahrener Recke und mehrfach im Heiligen Land gewesen. Seine Komturei f\u00fchrt er mit eiserner Disziplin. Obwohl er sich nach au\u00dfen vor allem meist unnachgiebig, hart und gef\u00e4hrlich gibt, kann auch er auf eine lange Freundschaft mit Lord Geoffrey of Veilham zur\u00fcckblicken. Er ist f\u00fcr die Losl\u00f6sung der kleinen Komturei vom Orden der Templer verantwortlich, zum Wohle Veilhams, dem tats\u00e4chlich seine gr\u00f6\u00dfte Treue und Sorge gilt.<\/p>\n","protected":false},"excerpt":{"rendered":"<p>Bisher nur NSC-Charaktere, allen voran: Priest Roger, Priester in der Great Church of Veilham Der \u00e4ltere Priester mit dem grauen Haar ist die Seele und das Gewissen von Veilham. Er war eng befreundet mit Lord Geoffrey of Veilham und ist heute Beichtvater und geistlicher Berater von Lady Elisabeth Brandon. Im Jahr 1220 A. D. geh\u00f6rte &hellip; <\/p>\n<p class=\"link-more\"><a href=\"https:\/\/veilham.de\/?page_id=47\" class=\"more-link\"><span class=\"screen-reader-text\">\u201eIm Klerus\u201c <\/span>weiterlesen<\/a><\/p>\n","protected":false},"author":1,"featured_media":0,"parent":9,"menu_order":1,"comment_status":"closed","ping_status":"closed","template":"","meta":{"footnotes":""},"class_list":["post-47","page","type-page","status-publish","hentry"],"_links":{"self":[{"href":"https:\/\/veilham.de\/index.php?rest_route=\/wp\/v2\/pages\/47","targetHints":{"allow":["GET"]}}],"collection":[{"href":"https:\/\/veilham.de\/index.php?rest_route=\/wp\/v2\/pages"}],"about":[{"href":"https:\/\/veilham.de\/index.php?rest_route=\/wp\/v2\/types\/page"}],"author":[{"embeddable":true,"href":"https:\/\/veilham.de\/index.php?rest_route=\/wp\/v2\/users\/1"}],"replies":[{"embeddable":true,"href":"https:\/\/veilham.de\/index.php?rest_route=%2Fwp%2Fv2%2Fcomments&post=47"}],"version-history":[{"count":3,"href":"https:\/\/veilham.de\/index.php?rest_route=\/wp\/v2\/pages\/47\/revisions"}],"predecessor-version":[{"id":114,"href":"https:\/\/veilham.de\/index.php?rest_route=\/wp\/v2\/pages\/47\/revisions\/114"}],"up":[{"embeddable":true,"href":"https:\/\/veilham.de\/index.php?rest_route=\/wp\/v2\/pages\/9"}],"wp:attachment":[{"href":"https:\/\/veilham.de\/index.php?rest_route=%2Fwp%2Fv2%2Fmedia&parent=47"}],"curies":[{"name":"wp","href":"https:\/\/api.w.org\/{rel}","templated":true}]}}