{"id":45,"date":"2020-12-28T15:11:52","date_gmt":"2020-12-28T13:11:52","guid":{"rendered":"http:\/\/veilham.de\/?page_id=45"},"modified":"2022-10-10T12:07:47","modified_gmt":"2022-10-10T10:07:47","slug":"der-adel","status":"publish","type":"page","link":"https:\/\/veilham.de\/?page_id=45","title":{"rendered":"Im Adel"},"content":{"rendered":"\n<p>Hierzu geh\u00f6ren insbesondere:<\/p>\n\n\n\n<h2 class=\"wp-block-heading\">Lady Elisabeth Mary Anne Catherine Brandon<\/h2>\n\n\n\n<div class=\"wp-block-columns is-layout-flex wp-container-core-columns-is-layout-9d6595d7 wp-block-columns-is-layout-flex\">\n<div class=\"wp-block-column is-layout-flow wp-block-column-is-layout-flow\" style=\"flex-basis:100%\">\n<div class=\"wp-block-columns is-layout-flex wp-container-core-columns-is-layout-9d6595d7 wp-block-columns-is-layout-flex\">\n<div class=\"wp-block-column is-layout-flow wp-block-column-is-layout-flow\" style=\"flex-basis:33.33%\">\n<figure class=\"wp-block-image size-large is-resized\"><img loading=\"lazy\" decoding=\"async\" src=\"http:\/\/veilham.de\/wp-content\/uploads\/2020\/12\/IMG_1076-Bearbeitet-web-1.jpg\" alt=\"\" class=\"wp-image-67\" width=\"135\" height=\"248\" srcset=\"https:\/\/veilham.de\/wp-content\/uploads\/2020\/12\/IMG_1076-Bearbeitet-web-1.jpg 541w, https:\/\/veilham.de\/wp-content\/uploads\/2020\/12\/IMG_1076-Bearbeitet-web-1-164x300.jpg 164w\" sizes=\"auto, (max-width: 135px) 100vw, 135px\" \/><\/figure>\n<\/div>\n\n\n\n<div class=\"wp-block-column is-layout-flow wp-block-column-is-layout-flow\" style=\"flex-basis:66.66%\">\n<p>Elisabeth Mary Anne Catherine Brandon ist als j\u00fcngste Tochter des 3. Duke of Suffolk in East Anglia geboren. <\/p>\n\n\n\n<p>Sie schaut bereits auf ein bewegtes Leben zur\u00fcck. Vor Jahren ist sie aus privaten Gr\u00fcnden in die Mittellande gekommen und von dort aus dann in Veilham gelandet, welches sie als ihre neue Heimat auserkoren hat.<\/p>\n\n\n\n<p>Eine ihrer herausragendsten Eigenschaften ist wohl ihre Sanftmut, auch wenn sie in Suffolk eher daf\u00fcr ber\u00fcchtigt ist, ihren ganz eigenen Kopf zu haben. Sie liebt die Musik und das Tanzen. Dar\u00fcber hinaus gilt sie als versierte Diplomatin, was sie selbst jedoch vehement bestreitet.<\/p>\n\n\n\n<p>Im Sommer A.D. 1221 der Veilhamer Zeitrechnung wurde sie zun\u00e4chst zum Truchsess der Freien Baronie Veilham ernannt. Ende Januar A.D. 1222 erfolgte die Wahl zur Baronin; die f\u00f6rmliche Kr\u00f6nung steht noch aus.<\/p>\n\n\n\n<p> <em>Nachricht an Lady Elisabeth Brandond senden<\/em>: bettina[at]veilham.de<\/p>\n<\/div>\n<\/div>\n<\/div>\n<\/div>\n\n\n\n<h2 class=\"wp-block-heading\">Lady Rowena Cecilia Fuhger von der Ricke<\/h2>\n\n\n\n<div class=\"wp-block-columns is-layout-flex wp-container-core-columns-is-layout-9d6595d7 wp-block-columns-is-layout-flex\">\n<div class=\"wp-block-column is-layout-flow wp-block-column-is-layout-flow\" style=\"flex-basis:100%\">\n<div class=\"wp-block-columns is-layout-flex wp-container-core-columns-is-layout-9d6595d7 wp-block-columns-is-layout-flex\">\n<div class=\"wp-block-column is-layout-flow wp-block-column-is-layout-flow\" style=\"flex-basis:33.33%\">\n<figure class=\"wp-block-image size-large is-resized\"><img loading=\"lazy\" decoding=\"async\" src=\"http:\/\/veilham.de\/wp-content\/uploads\/2020\/12\/IMG_1156-Bearbeitet-web-1.jpg\" alt=\"\" class=\"wp-image-70\" width=\"165\" height=\"248\" srcset=\"https:\/\/veilham.de\/wp-content\/uploads\/2020\/12\/IMG_1156-Bearbeitet-web-1.jpg 660w, https:\/\/veilham.de\/wp-content\/uploads\/2020\/12\/IMG_1156-Bearbeitet-web-1-200x300.jpg 200w\" sizes=\"auto, (max-width: 165px) 100vw, 165px\" \/><\/figure>\n<\/div>\n\n\n\n<div class=\"wp-block-column is-layout-flow wp-block-column-is-layout-flow\" style=\"flex-basis:66.66%\"><\/div>\n<\/div>\n<\/div>\n<\/div>\n\n\n\n<h2 class=\"wp-block-heading\">Sir John William<\/h2>\n\n\n\n<div class=\"wp-block-columns is-layout-flex wp-container-core-columns-is-layout-9d6595d7 wp-block-columns-is-layout-flex\">\n<div class=\"wp-block-column is-layout-flow wp-block-column-is-layout-flow\" style=\"flex-basis:100%\">\n<div class=\"wp-block-columns is-layout-flex wp-container-core-columns-is-layout-9d6595d7 wp-block-columns-is-layout-flex\">\n<div class=\"wp-block-column is-layout-flow wp-block-column-is-layout-flow\" style=\"flex-basis:33.33%\">\n<figure class=\"wp-block-image size-large\"><img loading=\"lazy\" decoding=\"async\" width=\"660\" height=\"990\" src=\"http:\/\/veilham.de\/wp-content\/uploads\/2021\/01\/IMG_1221-Bearbeitet-web.jpg\" alt=\"\" class=\"wp-image-170\" srcset=\"https:\/\/veilham.de\/wp-content\/uploads\/2021\/01\/IMG_1221-Bearbeitet-web.jpg 660w, https:\/\/veilham.de\/wp-content\/uploads\/2021\/01\/IMG_1221-Bearbeitet-web-200x300.jpg 200w\" sizes=\"auto, (max-width: 660px) 100vw, 660px\" \/><\/figure>\n<\/div>\n\n\n\n<div class=\"wp-block-column is-layout-flow wp-block-column-is-layout-flow\" style=\"flex-basis:66.66%\">\n<p>Sir John William stammt wie Lady Elisabeth Brandon aus Suffolk in East Anglia. Seine Familie steht bereits seit Generationen im Dienst der Familie Brandon. Sir John ist Lady Elisabeth in die Mittellande und nach Veilham gefolgt. Seine Treue und seine Loyalit\u00e4t ihr gegen\u00fcber sind unverbr\u00fcchlich.<\/p>\n\n\n\n<p>Er ist in den Mittellanden und auch weit dar\u00fcber hinaus als versierter Tanzmeister bekannt, schwingt das Schwert aber auch genauso gekonnt wie das Tanzbein.<\/p>\n\n\n\n<p><em>Nachricht an Sir John senden: walter[at]veilham.de<\/em><\/p>\n<\/div>\n<\/div>\n<\/div>\n<\/div>\n\n\n\n<h2 class=\"wp-block-heading\">Lady Carlotta Velvet William<\/h2>\n\n\n\n<p>\u00dcber die sehr zur\u00fcckgezogene Gemahlin von Sir John William ist nicht viel bekannt, au\u00dfer dass sie aus Aturien stammt. Ende des Jahres 1216 schenkte sie ihrem Gemahl Zwillinge, einen Jungen und ein M\u00e4dchen, die auf die Namen Bramwell und Patience getauft wurden. Seit der Geburt der Kinder und der \u00dcbernahme des Lehens Bamburgh Fields durch ihren Gemahl konzentriert sie sich ganz auf die Kinder und das Gut Sherryden, auf dem sie leben.<\/p>\n\n\n\n<h2 class=\"wp-block-heading\">Sir Richard of Chesterfield<\/h2>\n\n\n\n<div class=\"wp-block-columns is-layout-flex wp-container-core-columns-is-layout-9d6595d7 wp-block-columns-is-layout-flex\">\n<div class=\"wp-block-column is-layout-flow wp-block-column-is-layout-flow\" style=\"flex-basis:33.33%\"><\/div>\n\n\n\n<div class=\"wp-block-column is-layout-flow wp-block-column-is-layout-flow\" style=\"flex-basis:66.66%\">\n<p>Sir Richard of Chesterfield ist geb\u00fcrtiger Veilhamer, bereits sein Vater war Lehensritter unter Lord Geoffrey of Veilham und der junge Richard absolvierte unter letzterem seine Knappschaft bis hin zum Ritterschlag, welchen er im Heiligen Land erhielt, als er gemeinsam mit seinem Herrn auf Kreuzzug war.<\/p>\n\n\n\n<p>Zu den wichtigsten Charaktereigenschaften Sir Richards z\u00e4hlen sicherlich Rechtschaffenheit, Ehrlichkeit und Mut. Allerdings gilt er in Veilham auch manchmal als eher altmodisch und mit den modernen Ideen von Lady Elisabeth Brandon hat der Ritter vom alten Schlag manchmal so seine Probleme.<\/p>\n<\/div>\n<\/div>\n\n\n\n<h2 class=\"wp-block-heading\">Sir Reynard de Beauchamps<\/h2>\n\n\n\n<p>Bereits in Knappentagen entwickelte der junge, aufstrebende Sir Reynard de Beauchamps eine enge Freundschaft zu Sir John William. Und so war es nicht verwunderlich, dass sein Weg ihn schlie\u00dflich in die Dienste von Lady Elisabeth Brandon und nach Veilham f\u00fchrte, wo er A. D. 1219 das Lehen Lambeth Heights \u00fcbernahm.<\/p>\n\n\n\n<p>Die ritterlichen Tugenden dienen Sir Reynard nicht nur als grobe Richtlinie, sondern entsprechen seiner innersten \u00dcberzeugung. So widmet er sich dem Kampfe wie auch der Minne und der Mildt\u00e4tigkeit in gleichem Ma\u00dfe.<\/p>\n\n\n\n<p>Ger\u00fcchtehalber f\u00fchlt sich Sir Reynard sehr hingezogen zu Lady Rowena.<\/p>\n\n\n\n<h2 class=\"wp-block-heading\">Sophia Alix van Arcen<\/h2>\n\n\n\n<div class=\"wp-block-columns is-layout-flex wp-container-core-columns-is-layout-9d6595d7 wp-block-columns-is-layout-flex\">\n<div class=\"wp-block-column is-layout-flow wp-block-column-is-layout-flow\" style=\"flex-basis:33.33%\">\n<figure class=\"wp-block-image size-large is-resized\"><img loading=\"lazy\" decoding=\"async\" src=\"http:\/\/veilham.de\/wp-content\/uploads\/2020\/12\/Sophia-598x1024.jpg\" alt=\"\" class=\"wp-image-115\" width=\"150\" height=\"256\" srcset=\"https:\/\/veilham.de\/wp-content\/uploads\/2020\/12\/Sophia-598x1024.jpg 598w, https:\/\/veilham.de\/wp-content\/uploads\/2020\/12\/Sophia-175x300.jpg 175w, https:\/\/veilham.de\/wp-content\/uploads\/2020\/12\/Sophia-768x1316.jpg 768w, https:\/\/veilham.de\/wp-content\/uploads\/2020\/12\/Sophia.jpg 824w\" sizes=\"auto, (max-width: 150px) 100vw, 150px\" \/><\/figure>\n\n\n\n<p><\/p>\n<\/div>\n\n\n\n<div class=\"wp-block-column is-layout-flow wp-block-column-is-layout-flow\" style=\"flex-basis:66.66%\">\n<p>Sophia Alix van Arcen ist die ehemalige Kinderfrau von Sir Reynard de Beauchamps und seiner Schwester Jeulie. Ihre Liebe und Treue zu den beiden Pflegekindern lie\u00dfen sie \u00fcber die Jahre hinweg stets an ihrer Seite bleiben. Heute dient sie Sir Reynard in seinem Lehen Lambeth Heights auf dem Gut Hamshire als Haushofmeisterin.<\/p>\n<\/div>\n<\/div>\n\n\n\n<h2 class=\"wp-block-heading\">Jeulie Ma\u00eblle Dominique Agrippina de Beauchamps<\/h2>\n\n\n\n<div class=\"wp-block-columns is-layout-flex wp-container-core-columns-is-layout-9d6595d7 wp-block-columns-is-layout-flex\">\n<div class=\"wp-block-column is-layout-flow wp-block-column-is-layout-flow\" style=\"flex-basis:33.33%\">\n<figure class=\"wp-block-image size-large\"><img loading=\"lazy\" decoding=\"async\" width=\"833\" height=\"1024\" src=\"http:\/\/veilham.de\/wp-content\/uploads\/2020\/12\/Jeulie-bearbeitet-833x1024.jpg\" alt=\"\" class=\"wp-image-134\" srcset=\"https:\/\/veilham.de\/wp-content\/uploads\/2020\/12\/Jeulie-bearbeitet-833x1024.jpg 833w, https:\/\/veilham.de\/wp-content\/uploads\/2020\/12\/Jeulie-bearbeitet-244x300.jpg 244w, https:\/\/veilham.de\/wp-content\/uploads\/2020\/12\/Jeulie-bearbeitet-768x944.jpg 768w, https:\/\/veilham.de\/wp-content\/uploads\/2020\/12\/Jeulie-bearbeitet.jpg 992w\" sizes=\"auto, (max-width: 767px) 89vw, (max-width: 1000px) 54vw, (max-width: 1071px) 543px, 580px\" \/><\/figure>\n\n\n\n<p><\/p>\n<\/div>\n\n\n\n<div class=\"wp-block-column is-layout-flow wp-block-column-is-layout-flow\" style=\"flex-basis:66.66%\">\n<p>Die Edeljungfer Jeulie Ma\u00eblle Dominique Agrippina de Beauchamps ist die Schwester von Sir Reynard de Beauchamps und damit auch die Kusine von Radegunde von Kirschey. Im Kreise der Familie beh\u00fctet aufgewachsen hat sie bisher keine klassische Damenausbildung genossen. Lange Zeit von ihrem Bruder getrennt, war sie zum Zeitpunkt, da dieser das Lehen Lambeth Heights in Veilham \u00fcbernahm, zu ihm gereist und lebt seitdem in seiner und Sophias Obhut.<\/p>\n\n\n\n<p>Jeulie ist ein wenig tr\u00e4umerisch und hat ein gro\u00dfes Herz und eine starke Bindung zu ihrer ehemaligen Kinderfrau Sophia.<\/p>\n<\/div>\n<\/div>\n\n\n\n<h2 class=\"wp-block-heading\">Sir Cecil of Hawthorne<\/h2>\n\n\n\n<div class=\"wp-block-columns is-layout-flex wp-container-core-columns-is-layout-9d6595d7 wp-block-columns-is-layout-flex\">\n<div class=\"wp-block-column is-layout-flow wp-block-column-is-layout-flow\" style=\"flex-basis:33.33%\">\n<figure class=\"wp-block-image size-large\"><img loading=\"lazy\" decoding=\"async\" width=\"1024\" height=\"683\" src=\"http:\/\/veilham.de\/wp-content\/uploads\/2020\/12\/knight-3449326_1920-1024x683.jpg\" alt=\"\" class=\"wp-image-106\" srcset=\"https:\/\/veilham.de\/wp-content\/uploads\/2020\/12\/knight-3449326_1920-1024x683.jpg 1024w, https:\/\/veilham.de\/wp-content\/uploads\/2020\/12\/knight-3449326_1920-300x200.jpg 300w, https:\/\/veilham.de\/wp-content\/uploads\/2020\/12\/knight-3449326_1920-768x512.jpg 768w, https:\/\/veilham.de\/wp-content\/uploads\/2020\/12\/knight-3449326_1920-1536x1024.jpg 1536w, https:\/\/veilham.de\/wp-content\/uploads\/2020\/12\/knight-3449326_1920.jpg 1920w\" sizes=\"auto, (max-width: 767px) 89vw, (max-width: 1000px) 54vw, (max-width: 1071px) 543px, 580px\" \/><\/figure>\n<\/div>\n\n\n\n<div class=\"wp-block-column is-layout-flow wp-block-column-is-layout-flow\" style=\"flex-basis:66.66%\">\n<p>Sir Cecil of Hawthorne ist ebenfalls geb\u00fcrtiger Veilhamer und stand bereits als Knight Bachelor in den Diensten von Lord Geoffrey of Veilham. Heute ist er Knight Bachelor in den Diensten von Lady Elisabeth Brandon. Der erfahrene Recke, der die 60 schon \u00fcberschritten hat, ist f\u00fcr die Dame nicht nur Besch\u00fctzer, sondern auch v\u00e4terlicher Freund.<\/p>\n<\/div>\n<\/div>\n","protected":false},"excerpt":{"rendered":"<p>Hierzu geh\u00f6ren insbesondere: Lady Elisabeth Mary Anne Catherine Brandon Elisabeth Mary Anne Catherine Brandon ist als j\u00fcngste Tochter des 3. Duke of Suffolk in East Anglia geboren. Sie schaut bereits auf ein bewegtes Leben zur\u00fcck. Vor Jahren ist sie aus privaten Gr\u00fcnden in die Mittellande gekommen und von dort aus dann in Veilham gelandet, welches &hellip; <\/p>\n<p class=\"link-more\"><a href=\"https:\/\/veilham.de\/?page_id=45\" class=\"more-link\"><span class=\"screen-reader-text\">\u201eIm Adel\u201c <\/span>weiterlesen<\/a><\/p>\n","protected":false},"author":1,"featured_media":0,"parent":9,"menu_order":0,"comment_status":"closed","ping_status":"closed","template":"","meta":{"footnotes":""},"class_list":["post-45","page","type-page","status-publish","hentry"],"_links":{"self":[{"href":"https:\/\/veilham.de\/index.php?rest_route=\/wp\/v2\/pages\/45","targetHints":{"allow":["GET"]}}],"collection":[{"href":"https:\/\/veilham.de\/index.php?rest_route=\/wp\/v2\/pages"}],"about":[{"href":"https:\/\/veilham.de\/index.php?rest_route=\/wp\/v2\/types\/page"}],"author":[{"embeddable":true,"href":"https:\/\/veilham.de\/index.php?rest_route=\/wp\/v2\/users\/1"}],"replies":[{"embeddable":true,"href":"https:\/\/veilham.de\/index.php?rest_route=%2Fwp%2Fv2%2Fcomments&post=45"}],"version-history":[{"count":22,"href":"https:\/\/veilham.de\/index.php?rest_route=\/wp\/v2\/pages\/45\/revisions"}],"predecessor-version":[{"id":177,"href":"https:\/\/veilham.de\/index.php?rest_route=\/wp\/v2\/pages\/45\/revisions\/177"}],"up":[{"embeddable":true,"href":"https:\/\/veilham.de\/index.php?rest_route=\/wp\/v2\/pages\/9"}],"wp:attachment":[{"href":"https:\/\/veilham.de\/index.php?rest_route=%2Fwp%2Fv2%2Fmedia&parent=45"}],"curies":[{"name":"wp","href":"https:\/\/api.w.org\/{rel}","templated":true}]}}