{"id":37,"date":"2020-12-28T14:44:32","date_gmt":"2020-12-28T12:44:32","guid":{"rendered":"http:\/\/veilham.de\/?page_id=37"},"modified":"2020-12-28T14:52:07","modified_gmt":"2020-12-28T12:52:07","slug":"herzlich-willkommen","status":"publish","type":"page","link":"https:\/\/veilham.de\/","title":{"rendered":"Herzlich Willkommen"},"content":{"rendered":"\n<p>Seid willkommen, Reisende, im Gebiet der Freien Baronie Veilham! &nbsp;Die Menschen Veilhams freuen sich \u00fcber Besucher, Gastfreundschaft wird bei uns gro\u00df geschrieben.<\/p>\n\n\n\n<p>Im realen Leben sind wir eine kleine Liverollenspielgruppe und stammen \u00fcberwiegend aus dem Gro\u00dfraum K\u00f6ln-Bonn. &nbsp;Unsere kleine Gruppe setzt sich aus Liverollenspielenden mit ganz unterschiedlichen Erfahrungen zusammen.<\/p>\n\n\n\n<p>Wer mehr \u00fcber unsere fiktive Heimat und unsere Charaktere erfahren m\u00f6chte, ist hier an der richtigen Stelle. Wer dar\u00fcber hinaus mehr erfahren m\u00f6chte oder ins Spiel einsteigen m\u00f6chte, kann Lady Elisabeth Brandon oder Sir John William kontaktieren.<\/p>\n\n\n\n<p>Viel Spa\u00df beim St\u00f6bern auf unserer Webseite!<\/p>\n","protected":false},"excerpt":{"rendered":"<p>Seid willkommen, Reisende, im Gebiet der Freien Baronie Veilham! &nbsp;Die Menschen Veilhams freuen sich \u00fcber Besucher, Gastfreundschaft wird bei uns gro\u00df geschrieben. Im realen Leben sind wir eine kleine Liverollenspielgruppe und stammen \u00fcberwiegend aus dem Gro\u00dfraum K\u00f6ln-Bonn. &nbsp;Unsere kleine Gruppe setzt sich aus Liverollenspielenden mit ganz unterschiedlichen Erfahrungen zusammen. Wer mehr \u00fcber unsere fiktive Heimat &hellip; <\/p>\n<p class=\"link-more\"><a href=\"https:\/\/veilham.de\/\" class=\"more-link\"><span class=\"screen-reader-text\">\u201eHerzlich Willkommen\u201c <\/span>weiterlesen<\/a><\/p>\n","protected":false},"author":1,"featured_media":0,"parent":0,"menu_order":0,"comment_status":"closed","ping_status":"closed","template":"","meta":{"footnotes":""},"class_list":["post-37","page","type-page","status-publish","hentry"],"_links":{"self":[{"href":"https:\/\/veilham.de\/index.php?rest_route=\/wp\/v2\/pages\/37","targetHints":{"allow":["GET"]}}],"collection":[{"href":"https:\/\/veilham.de\/index.php?rest_route=\/wp\/v2\/pages"}],"about":[{"href":"https:\/\/veilham.de\/index.php?rest_route=\/wp\/v2\/types\/page"}],"author":[{"embeddable":true,"href":"https:\/\/veilham.de\/index.php?rest_route=\/wp\/v2\/users\/1"}],"replies":[{"embeddable":true,"href":"https:\/\/veilham.de\/index.php?rest_route=%2Fwp%2Fv2%2Fcomments&post=37"}],"version-history":[{"count":1,"href":"https:\/\/veilham.de\/index.php?rest_route=\/wp\/v2\/pages\/37\/revisions"}],"predecessor-version":[{"id":38,"href":"https:\/\/veilham.de\/index.php?rest_route=\/wp\/v2\/pages\/37\/revisions\/38"}],"wp:attachment":[{"href":"https:\/\/veilham.de\/index.php?rest_route=%2Fwp%2Fv2%2Fmedia&parent=37"}],"curies":[{"name":"wp","href":"https:\/\/api.w.org\/{rel}","templated":true}]}}