{"id":141,"date":"2021-01-01T15:21:46","date_gmt":"2021-01-01T13:21:46","guid":{"rendered":"http:\/\/veilham.de\/?page_id=141"},"modified":"2021-01-01T15:21:46","modified_gmt":"2021-01-01T13:21:46","slug":"the-new-veilham-relation","status":"publish","type":"page","link":"https:\/\/veilham.de\/?page_id=141","title":{"rendered":"The New Veilham Relation"},"content":{"rendered":"\n<p>So etwa drei bis vier Mal im Jahr ver\u00f6ffentlichen wir eine Intime-Zeitung, in der wir jeweils berichten, was in Veilham in der letzten Zeit Intime geschehen ist. Auch von ausgesuchten Ereignissen aus dem befreundeten und\/oder verb\u00fcndeten Ausland berichten wir.<\/p>\n\n\n\n<p>2016 erschien sie die Zeitung zum ersten Mal als \u201eVeilham Relation\u201c. Anl\u00e4sslich der Unabh\u00e4ngigkeitserkl\u00e4rung haben wir eine \u00dcberarbeitung vorgenommen und nun erscheint sie als \u201eNew Veilham Relation\u201c.<\/p>\n\n\n\n<figure class=\"wp-block-image size-large\"><img loading=\"lazy\" decoding=\"async\" width=\"1024\" height=\"344\" src=\"http:\/\/veilham.de\/wp-content\/uploads\/2021\/01\/NVR-1024x344.jpg\" alt=\"\" class=\"wp-image-142\" srcset=\"https:\/\/veilham.de\/wp-content\/uploads\/2021\/01\/NVR-1024x344.jpg 1024w, https:\/\/veilham.de\/wp-content\/uploads\/2021\/01\/NVR-300x101.jpg 300w, https:\/\/veilham.de\/wp-content\/uploads\/2021\/01\/NVR-768x258.jpg 768w, https:\/\/veilham.de\/wp-content\/uploads\/2021\/01\/NVR.jpg 1479w\" sizes=\"auto, (max-width: 767px) 89vw, (max-width: 1000px) 54vw, (max-width: 1071px) 543px, 580px\" \/><\/figure>\n\n\n\n<p>Intime wird sie von Amalia Greiffenclau herausgegeben, unter der Schirmherrschaft von Lady Elisabeth Brandon, vorfinanziert durch das Handelshaus Arslan.<\/p>\n\n\n\n<p>Wer in den E-Mail-Verteiler f\u00fcr die Zeitung aufgenommen werden m\u00f6chte oder etwas f\u00fcr die n\u00e4chste Ausgabe beisteuern m\u00f6chte (seien es Beitr\u00e4ge, Steckbriefe, Leserbriefe oder was auch immer), melde sich bitte bei Lady Elisabeth Brandon: bettina[at]veilham.de<\/p>\n\n\n\n<p>Es sei jedoch der Hinweis erlaubt, dass die Schirmherrin Intime durchaus Beitr\u00e4ge auch zensiert. \ud83d\ude09<\/p>\n","protected":false},"excerpt":{"rendered":"<p>So etwa drei bis vier Mal im Jahr ver\u00f6ffentlichen wir eine Intime-Zeitung, in der wir jeweils berichten, was in Veilham in der letzten Zeit Intime geschehen ist. Auch von ausgesuchten Ereignissen aus dem befreundeten und\/oder verb\u00fcndeten Ausland berichten wir. 2016 erschien sie die Zeitung zum ersten Mal als \u201eVeilham Relation\u201c. Anl\u00e4sslich der Unabh\u00e4ngigkeitserkl\u00e4rung haben wir &hellip; <\/p>\n<p class=\"link-more\"><a href=\"https:\/\/veilham.de\/?page_id=141\" class=\"more-link\"><span class=\"screen-reader-text\">\u201eThe New Veilham Relation\u201c <\/span>weiterlesen<\/a><\/p>\n","protected":false},"author":1,"featured_media":0,"parent":0,"menu_order":0,"comment_status":"closed","ping_status":"closed","template":"","meta":{"footnotes":""},"class_list":["post-141","page","type-page","status-publish","hentry"],"_links":{"self":[{"href":"https:\/\/veilham.de\/index.php?rest_route=\/wp\/v2\/pages\/141","targetHints":{"allow":["GET"]}}],"collection":[{"href":"https:\/\/veilham.de\/index.php?rest_route=\/wp\/v2\/pages"}],"about":[{"href":"https:\/\/veilham.de\/index.php?rest_route=\/wp\/v2\/types\/page"}],"author":[{"embeddable":true,"href":"https:\/\/veilham.de\/index.php?rest_route=\/wp\/v2\/users\/1"}],"replies":[{"embeddable":true,"href":"https:\/\/veilham.de\/index.php?rest_route=%2Fwp%2Fv2%2Fcomments&post=141"}],"version-history":[{"count":1,"href":"https:\/\/veilham.de\/index.php?rest_route=\/wp\/v2\/pages\/141\/revisions"}],"predecessor-version":[{"id":144,"href":"https:\/\/veilham.de\/index.php?rest_route=\/wp\/v2\/pages\/141\/revisions\/144"}],"wp:attachment":[{"href":"https:\/\/veilham.de\/index.php?rest_route=%2Fwp%2Fv2%2Fmedia&parent=141"}],"curies":[{"name":"wp","href":"https:\/\/api.w.org\/{rel}","templated":true}]}}